{"id":8853,"date":"2023-10-03T10:37:59","date_gmt":"2023-10-03T10:37:59","guid":{"rendered":"https:\/\/bridge488.qodeinteractive.com\/?page_id=8853"},"modified":"2025-08-02T19:26:49","modified_gmt":"2025-08-02T19:26:49","slug":"contact-us","status":"publish","type":"page","link":"https:\/\/cedricwolter-infirmier.be\/index.php\/contact-us\/","title":{"rendered":"Contact"},"content":{"rendered":"\t\t<div data-elementor-type=\"wp-page\" data-elementor-id=\"8853\" class=\"elementor elementor-8853\">\n\t\t\t\t<div class=\"elementor-element elementor-element-019e34d e-flex e-con-boxed parallax_section_no qode_elementor_container_no e-con e-parent\" data-id=\"019e34d\" data-element_type=\"container\">\n\t\t\t\t\t<div class=\"e-con-inner\">\n\t\t<div class=\"elementor-element elementor-element-1d1ed2a e-con-full e-flex parallax_section_no qode_elementor_container_no e-con e-child\" data-id=\"1d1ed2a\" data-element_type=\"container\">\n\t\t\t\t<\/div>\n\t\t<div class=\"elementor-element elementor-element-81df713 e-con-full e-flex parallax_section_no qode_elementor_container_no e-con e-child\" data-id=\"81df713\" data-element_type=\"container\">\n\t\t<div class=\"elementor-element elementor-element-1b9ef473 e-con-full e-flex parallax_section_no qode_elementor_container_no e-con e-child\" data-id=\"1b9ef473\" data-element_type=\"container\">\n\t\t\t\t<div class=\"elementor-element elementor-element-30b30b1a elementor-widget elementor-widget-bridge_icon\" data-id=\"30b30b1a\" data-element_type=\"widget\" data-widget_type=\"bridge_icon.default\">\n\t\t\t\t<div class=\"elementor-widget-container\">\n\t\t\t\t\t<span data-type=\"normal\"  class=\"qode_icon_shortcode  q_font_awsome_icon fa-lg pull-left \" style=\" \"><span aria-hidden=\"true\" class=\"qode_icon_font_elegant icon_circle-empty qode_icon_element\" style=\"font-size: 12px;color: #1B3942;\" ><\/span><\/span>\t\t\t\t<\/div>\n\t\t\t\t<\/div>\n\t\t\t\t<div class=\"elementor-element elementor-element-47a56f50 elementor-widget elementor-widget-bridge_custom_font\" data-id=\"47a56f50\" data-element_type=\"widget\" data-widget_type=\"bridge_custom_font.default\">\n\t\t\t\t<div class=\"elementor-widget-container\">\n\t\t\t\t\t<div class=\"custom_font_holder \" style=\"font-family: Source Sans Pro; font-style: normal; font-weight: 600; color: #1B3942; text-decoration: none; letter-spacing: 1.728px; text-align: left; --qode-cf-font-size: 15px; --qode-cf-line-height: 22px; --qode-cf-font-size-1440: 15px; --qode-cf-line-height-1440: 22px; --qode-cf-font-size-1366: 15px; --qode-cf-line-height-1366: 22px; --qode-cf-font-size-1280: 15px; --qode-cf-line-height-1280: 22px; --qode-cf-font-size-1024: 15px; --qode-cf-line-height-1024: 22px; --qode-cf-font-size-768: 15px; --qode-cf-line-height-768: 22px; --qode-cf-font-size-680: 15px; --qode-cf-line-height-680: 22px; --qode-cf-font-size-480: 15px; --qode-cf-line-height-480: 22px;\">CONTACT<\/div>\t\t\t\t<\/div>\n\t\t\t\t<\/div>\n\t\t\t\t<\/div>\n\t\t\t\t<div class=\"elementor-element elementor-element-2df0cb2d elementor-widget elementor-widget-heading\" data-id=\"2df0cb2d\" data-element_type=\"widget\" data-widget_type=\"heading.default\">\n\t\t\t\t\t<h2 class=\"elementor-heading-title elementor-size-default\">Contactez-moi sans plus attendre<\/h2>\t\t\t\t<\/div>\n\t\t\t\t<div class=\"elementor-element elementor-element-8d4c9ac elementor-widget__width-initial elementor-widget elementor-widget-bridge_cf_7\" data-id=\"8d4c9ac\" data-element_type=\"widget\" data-widget_type=\"bridge_cf_7.default\">\n\t\t\t\t<div class=\"elementor-widget-container\">\n\t\t\t\t\t    <div class=\"qode-contact-form-7 qode-contact-form-7-0\">\n    \n<div class=\"wpcf7 no-js\" id=\"wpcf7-f10182-o1\" lang=\"en-US\" dir=\"ltr\" data-wpcf7-id=\"10182\">\n<div class=\"screen-reader-response\"><p role=\"status\" aria-live=\"polite\" aria-atomic=\"true\"><\/p> <ul><\/ul><\/div>\n<form action=\"\/index.php\/wp-json\/wp\/v2\/pages\/8853#wpcf7-f10182-o1\" method=\"post\" class=\"wpcf7-form init cf7_custom_style_2\" aria-label=\"Contact form\" novalidate=\"novalidate\" data-status=\"init\">\n<fieldset class=\"hidden-fields-container\"><input type=\"hidden\" name=\"_wpcf7\" value=\"10182\" \/><input type=\"hidden\" name=\"_wpcf7_version\" value=\"6.1\" \/><input type=\"hidden\" name=\"_wpcf7_locale\" value=\"en_US\" \/><input type=\"hidden\" name=\"_wpcf7_unit_tag\" value=\"wpcf7-f10182-o1\" \/><input type=\"hidden\" name=\"_wpcf7_container_post\" value=\"0\" \/><input type=\"hidden\" name=\"_wpcf7_posted_data_hash\" value=\"\" \/>\n<\/fieldset>\n<label> Votre nom\n    <span class=\"wpcf7-form-control-wrap\" data-name=\"your-name\"><input size=\"40\" maxlength=\"400\" class=\"wpcf7-form-control wpcf7-text wpcf7-validates-as-required\" autocomplete=\"name\" aria-required=\"true\" aria-invalid=\"false\" value=\"\" type=\"text\" name=\"your-name\" \/><\/span> <\/label>\n\n<label> Votre num\u00e9ro de t\u00e9l\u00e9phone\n<span class=\"wpcf7-form-control-wrap\" data-name=\"tel-725\"><input size=\"40\" maxlength=\"400\" class=\"wpcf7-form-control wpcf7-tel wpcf7-validates-as-required wpcf7-text wpcf7-validates-as-tel\" aria-required=\"true\" aria-invalid=\"false\" value=\"\" type=\"tel\" name=\"tel-725\" \/><\/span><\/label>\n\n<label> Votre email\n    <span class=\"wpcf7-form-control-wrap\" data-name=\"your-email\"><input size=\"40\" maxlength=\"400\" class=\"wpcf7-form-control wpcf7-email wpcf7-validates-as-required wpcf7-text wpcf7-validates-as-email\" autocomplete=\"email\" aria-required=\"true\" aria-invalid=\"false\" value=\"\" type=\"email\" name=\"your-email\" \/><\/span> <\/label>\n\n<label> Sujet\n    <span class=\"wpcf7-form-control-wrap\" data-name=\"your-subject\"><input size=\"40\" maxlength=\"400\" class=\"wpcf7-form-control wpcf7-text wpcf7-validates-as-required\" aria-required=\"true\" aria-invalid=\"false\" value=\"\" type=\"text\" name=\"your-subject\" \/><\/span> <\/label>\n\n<label> Votre message (optionel)\n    <span class=\"wpcf7-form-control-wrap\" data-name=\"your-message\"><textarea cols=\"40\" rows=\"10\" maxlength=\"2000\" class=\"wpcf7-form-control wpcf7-textarea\" aria-invalid=\"false\" name=\"your-message\"><\/textarea><\/span> <\/label>\n\n<input class=\"wpcf7-form-control wpcf7-submit has-spinner\" type=\"submit\" value=\"Envoyer\" \/><div class=\"wpcf7-response-output\" aria-hidden=\"true\"><\/div>\n<\/form>\n<\/div>\n    <\/div>\n\t\t\t\t<\/div>\n\t\t\t\t<\/div>\n\t\t\t\t<\/div>\n\t\t<div class=\"elementor-element elementor-element-fae7c2c e-con-full e-flex parallax_section_no qode_elementor_container_no e-con e-child\" data-id=\"fae7c2c\" data-element_type=\"container\">\n\t\t\t\t<\/div>\n\t\t\t\t\t<\/div>\n\t\t\t\t<\/div>\n\t\t<div class=\"elementor-element elementor-element-75eb4f3d e-con-full qode_elementor_container_inner e-flex parallax_section_no e-con e-parent\" data-id=\"75eb4f3d\" data-element_type=\"container\" data-settings=\"{&quot;background_background&quot;:&quot;classic&quot;}\">\n\t\t<div class=\"elementor-element elementor-element-57522879 e-con-full e-flex parallax_section_no qode_elementor_container_no e-con e-child\" data-id=\"57522879\" data-element_type=\"container\">\n\t\t<div class=\"elementor-element elementor-element-a29f016 e-con-full e-flex parallax_section_no qode_elementor_container_no e-con e-child\" data-id=\"a29f016\" data-element_type=\"container\">\n\t\t\t\t<div class=\"elementor-element elementor-element-e284fbc elementor-widget elementor-widget-heading\" data-id=\"e284fbc\" data-element_type=\"widget\" data-widget_type=\"heading.default\">\n\t\t\t\t\t<h4 class=\"elementor-heading-title elementor-size-default\">Amsterdam Office<\/h4>\t\t\t\t<\/div>\n\t\t\t\t<div class=\"elementor-element elementor-element-a19b4fc elementor-widget elementor-widget-text-editor\" data-id=\"a19b4fc\" data-element_type=\"widget\" data-widget_type=\"text-editor.default\">\n\t\t\t\t\t\t\t\t\t<p><a class=\"qode-custom-link\" href=\"https:\/\/www.google.com\/maps\/place\/Westerstraat,+1015+ND+Amsterdam,+Netherlands\/@52.3786951,4.8824154,17z\/data=!3m1!4b1!4m6!3m5!1s0x47c609d0039f37c5:0x659e8d20eb18abc4!8m2!3d52.3786951!4d4.8846041!16s%2Fg%2F1q67n4m46\" target=\"_blank\" rel=\"noopener\">Westerstraat, 1015 ND<\/a><\/p>\t\t\t\t\t\t\t\t<\/div>\n\t\t\t\t<div class=\"elementor-element elementor-element-6c15ea5 elementor-widget elementor-widget-text-editor\" data-id=\"6c15ea5\" data-element_type=\"widget\" data-widget_type=\"text-editor.default\">\n\t\t\t\t\t\t\t\t\t<p><a class=\"qode-custom-link\" href=\"tel:+00123456789\">+00 123456789<\/a><\/p>\t\t\t\t\t\t\t\t<\/div>\n\t\t\t\t<div class=\"elementor-element elementor-element-b7e544f elementor-widget elementor-widget-text-editor\" data-id=\"b7e544f\" data-element_type=\"widget\" data-widget_type=\"text-editor.default\">\n\t\t\t\t\t\t\t\t\t<p><a class=\"qode-custom-link\" href=\"mailto:bridge@example.com\">bridge@example.com<\/a><\/p>\t\t\t\t\t\t\t\t<\/div>\n\t\t\t\t<\/div>\n\t\t<div class=\"elementor-element elementor-element-55cfecd8 e-con-full e-flex parallax_section_no qode_elementor_container_no e-con e-child\" data-id=\"55cfecd8\" data-element_type=\"container\">\n\t\t\t\t<div class=\"elementor-element elementor-element-1abcd85c elementor-widget elementor-widget-heading\" data-id=\"1abcd85c\" data-element_type=\"widget\" data-widget_type=\"heading.default\">\n\t\t\t\t\t<h4 class=\"elementor-heading-title elementor-size-default\">New York Office<\/h4>\t\t\t\t<\/div>\n\t\t\t\t<div class=\"elementor-element elementor-element-79bdb208 elementor-widget elementor-widget-text-editor\" data-id=\"79bdb208\" data-element_type=\"widget\" data-widget_type=\"text-editor.default\">\n\t\t\t\t\t\t\t\t\t<p><a class=\"qode-custom-link\" href=\"https:\/\/www.google.com\/maps\/place\/198+W+21st+St,+New+York,+NY+10011,+USA\/@40.743094,-73.9988004,17z\/data=!4m6!3m5!1s0x89c259bb65fc3ecb:0x79c9035f77210bc7!8m2!3d40.74309!4d-73.9966117!16s%2Fg%2F11h4y2mqsj\" target=\"_blank\" rel=\"noopener\">21th Street, New York<\/a><\/p>\t\t\t\t\t\t\t\t<\/div>\n\t\t\t\t<div class=\"elementor-element elementor-element-1b72eb6 elementor-widget elementor-widget-text-editor\" data-id=\"1b72eb6\" data-element_type=\"widget\" data-widget_type=\"text-editor.default\">\n\t\t\t\t\t\t\t\t\t<p><a class=\"qode-custom-link\" href=\"tel:+00123456789\">+00 123456789<\/a><\/p>\t\t\t\t\t\t\t\t<\/div>\n\t\t\t\t<div class=\"elementor-element elementor-element-69ccc95 elementor-widget elementor-widget-text-editor\" data-id=\"69ccc95\" data-element_type=\"widget\" data-widget_type=\"text-editor.default\">\n\t\t\t\t\t\t\t\t\t<p><a class=\"qode-custom-link\" href=\"mailto:bridge@example.com\">bridge@example.com<\/a><\/p>\t\t\t\t\t\t\t\t<\/div>\n\t\t\t\t<\/div>\n\t\t<div class=\"elementor-element elementor-element-c70ded2 e-con-full e-flex parallax_section_no qode_elementor_container_no e-con e-child\" data-id=\"c70ded2\" data-element_type=\"container\">\n\t\t\t\t<div class=\"elementor-element elementor-element-98a1fb7 elementor-widget elementor-widget-heading\" data-id=\"98a1fb7\" data-element_type=\"widget\" data-widget_type=\"heading.default\">\n\t\t\t\t\t<h4 class=\"elementor-heading-title elementor-size-default\">Paris Office<\/h4>\t\t\t\t<\/div>\n\t\t\t\t<div class=\"elementor-element elementor-element-11d92a9 elementor-widget elementor-widget-text-editor\" data-id=\"11d92a9\" data-element_type=\"widget\" data-widget_type=\"text-editor.default\">\n\t\t\t\t\t\t\t\t\t<p><a class=\"qode-custom-link\" href=\"https:\/\/www.google.com\/maps\/place\/152+Rue+de+la+Convention,+75015+Paris,+France\/@48.8376425,2.2898846,17z\/data=!4m6!3m5!1s0x47e670137ac5ecad:0x44c3ccf77ef446e8!8m2!3d48.839079!4d2.29195!16s%2Fg%2F11bw40b6fg\" target=\"_blank\" rel=\"noopener\">152 Rue de la Convention<\/a><\/p>\t\t\t\t\t\t\t\t<\/div>\n\t\t\t\t<div class=\"elementor-element elementor-element-aaa9fc4 elementor-widget elementor-widget-text-editor\" data-id=\"aaa9fc4\" data-element_type=\"widget\" data-widget_type=\"text-editor.default\">\n\t\t\t\t\t\t\t\t\t<p><a class=\"qode-custom-link\" href=\"tel:+00123456789\">+00 123456789<\/a><\/p>\t\t\t\t\t\t\t\t<\/div>\n\t\t\t\t<div class=\"elementor-element elementor-element-fa69dc8 elementor-widget elementor-widget-text-editor\" data-id=\"fa69dc8\" data-element_type=\"widget\" data-widget_type=\"text-editor.default\">\n\t\t\t\t\t\t\t\t\t<p><a class=\"qode-custom-link\" href=\"mailto:bridge@example.com\">bridge@example.com<\/a><\/p>\t\t\t\t\t\t\t\t<\/div>\n\t\t\t\t<\/div>\n\t\t\t\t<\/div>\n\t\t\t\t<\/div>\n\t\t\t\t<\/div>\n\t\t","protected":false},"excerpt":{"rendered":"<p>CONTACT Contactez-moi sans plus attendre Votre nom Votre numero de t\u00e9l\u00e9phone Votre email Sujet Votre message message (optional) Amsterdam Office Westerstraat, 1015 ND +00 123456789 bridge@example.com New York Office 21th Street, New York +00 123456789 bridge@example.com Paris Office 152 Rue de la Convention +00 123456789&#8230;<\/p>\n","protected":false},"author":1,"featured_media":0,"parent":0,"menu_order":0,"comment_status":"closed","ping_status":"closed","template":"full_width.php","meta":{"footnotes":""},"class_list":["post-8853","page","type-page","status-publish","hentry"],"_links":{"self":[{"href":"https:\/\/cedricwolter-infirmier.be\/index.php\/wp-json\/wp\/v2\/pages\/8853","targetHints":{"allow":["GET"]}}],"collection":[{"href":"https:\/\/cedricwolter-infirmier.be\/index.php\/wp-json\/wp\/v2\/pages"}],"about":[{"href":"https:\/\/cedricwolter-infirmier.be\/index.php\/wp-json\/wp\/v2\/types\/page"}],"author":[{"embeddable":true,"href":"https:\/\/cedricwolter-infirmier.be\/index.php\/wp-json\/wp\/v2\/users\/1"}],"replies":[{"embeddable":true,"href":"https:\/\/cedricwolter-infirmier.be\/index.php\/wp-json\/wp\/v2\/comments?post=8853"}],"version-history":[{"count":21,"href":"https:\/\/cedricwolter-infirmier.be\/index.php\/wp-json\/wp\/v2\/pages\/8853\/revisions"}],"predecessor-version":[{"id":10248,"href":"https:\/\/cedricwolter-infirmier.be\/index.php\/wp-json\/wp\/v2\/pages\/8853\/revisions\/10248"}],"wp:attachment":[{"href":"https:\/\/cedricwolter-infirmier.be\/index.php\/wp-json\/wp\/v2\/media?parent=8853"}],"curies":[{"name":"wp","href":"https:\/\/api.w.org\/{rel}","templated":true}]}}